{"id":13,"date":"2023-06-16T16:01:51","date_gmt":"2023-06-16T19:01:51","guid":{"rendered":"https:\/\/sbop.com.br\/medico\/?page_id=13"},"modified":"2025-10-08T10:43:33","modified_gmt":"2025-10-08T13:43:33","slug":"quem-somos","status":"publish","type":"page","link":"https:\/\/sbop.com.br\/medico\/quem-somos\/","title":{"rendered":"Quem somos"},"content":{"rendered":"\n<p>Desde novembro de 1989, a Sociedade Brasileira de Oftalmologia Pedi\u00e1trica (SBOP) luta pelos cuidados da sa\u00fade ocular infantil.<br><br>A SBOP tem como seus pilares, a promo\u00e7\u00e3o de cuidado ocular de qualidade para crian\u00e7a, atrav\u00e9s do apoio de a\u00e7\u00f5es preventivas de sa\u00fade p\u00fablica, e o incentivo e difus\u00e3o do conhecimento em oftalmopediatria, atrav\u00e9s de cursos b\u00e1sicos e avan\u00e7ados e jornadas de atualiza\u00e7\u00e3o.<br><br>A nossa sociedade vem se expandindo muito nos \u00faltimos anos, tendo o apoio do Conselho Brasileiro de Oftalmologia (CBO), entidade que representa a oftalmologia brasileira, e participa\u00e7\u00e3o ativa na Sociedade Brasileira de Pediatria.<\/p>\n","protected":false},"excerpt":{"rendered":"<p>A SBOP tem como seus pilares, a promo\u00e7\u00e3o de cuidado ocular de qualidade para crian\u00e7a, atrav\u00e9s do apoio de a\u00e7\u00f5es preventivas de sa\u00fade p\u00fablica, e o incentivo e difus\u00e3o do conhecimento em oftalmopediatria, atrav\u00e9s de cursos b\u00e1sicos e avan\u00e7ados e jornadas de atualiza\u00e7\u00e3o.<\/p>\n<p>A nossa sociedade vem se expandindo muito nos \u00faltimos anos, tendo o apoio do Conselho Brasileiro de Oftalmologia (CBO), entidade que representa a oftalmologia brasileira, e participa\u00e7\u00e3o ativa na Sociedade Brasileira de Pediatria.<\/p>\n","protected":false},"author":1,"featured_media":16,"parent":0,"menu_order":0,"comment_status":"closed","ping_status":"closed","template":"template\/template-quem.php","meta":{"_acf_changed":false,"footnotes":""},"class_list":["post-13","page","type-page","status-publish","has-post-thumbnail","hentry"],"acf":[],"_links":{"self":[{"href":"https:\/\/sbop.com.br\/medico\/wp-json\/wp\/v2\/pages\/13","targetHints":{"allow":["GET"]}}],"collection":[{"href":"https:\/\/sbop.com.br\/medico\/wp-json\/wp\/v2\/pages"}],"about":[{"href":"https:\/\/sbop.com.br\/medico\/wp-json\/wp\/v2\/types\/page"}],"author":[{"embeddable":true,"href":"https:\/\/sbop.com.br\/medico\/wp-json\/wp\/v2\/users\/1"}],"replies":[{"embeddable":true,"href":"https:\/\/sbop.com.br\/medico\/wp-json\/wp\/v2\/comments?post=13"}],"version-history":[{"count":9,"href":"https:\/\/sbop.com.br\/medico\/wp-json\/wp\/v2\/pages\/13\/revisions"}],"predecessor-version":[{"id":1731,"href":"https:\/\/sbop.com.br\/medico\/wp-json\/wp\/v2\/pages\/13\/revisions\/1731"}],"wp:featuredmedia":[{"embeddable":true,"href":"https:\/\/sbop.com.br\/medico\/wp-json\/wp\/v2\/media\/16"}],"wp:attachment":[{"href":"https:\/\/sbop.com.br\/medico\/wp-json\/wp\/v2\/media?parent=13"}],"curies":[{"name":"wp","href":"https:\/\/api.w.org\/{rel}","templated":true}]}}