{"id":1797,"date":"2026-03-05T14:15:04","date_gmt":"2026-03-05T17:15:04","guid":{"rendered":"https:\/\/sbop.com.br\/medico\/?page_id=1797"},"modified":"2026-03-05T15:11:34","modified_gmt":"2026-03-05T18:11:34","slug":"conectando-a-oftalmologia","status":"publish","type":"page","link":"https:\/\/sbop.com.br\/medico\/conectando-a-oftalmologia\/","title":{"rendered":"Conectando a Oftalmologia"},"content":{"rendered":"\n<figure class=\"wp-block-image size-large is-resized\"><img loading=\"lazy\" decoding=\"async\" width=\"1024\" height=\"397\" src=\"https:\/\/sbop.com.br\/medico\/wp-content\/uploads\/sites\/2\/2026\/03\/banner-fique-por-dentro-1024x397.png\" alt=\"\" class=\"wp-image-1804\" style=\"width:1300px\" srcset=\"https:\/\/sbop.com.br\/medico\/wp-content\/uploads\/sites\/2\/2026\/03\/banner-fique-por-dentro-1024x397.png 1024w, https:\/\/sbop.com.br\/medico\/wp-content\/uploads\/sites\/2\/2026\/03\/banner-fique-por-dentro-300x116.png 300w, https:\/\/sbop.com.br\/medico\/wp-content\/uploads\/sites\/2\/2026\/03\/banner-fique-por-dentro-768x298.png 768w, https:\/\/sbop.com.br\/medico\/wp-content\/uploads\/sites\/2\/2026\/03\/banner-fique-por-dentro.png 1430w\" sizes=\"auto, (max-width: 1024px) 100vw, 1024px\" \/><\/figure>\n\n\n\n<p>A oftalmologia est\u00e1 cada vez mais conectada para cuidar melhor.<\/p>\n\n\n\n<p>A nova rede de patologias do Brasil surge como uma iniciativa importante para fortalecer o conhecimento, integrar especialistas e ampliar o acesso \u00e0 informa\u00e7\u00e3o sobre condi\u00e7\u00f5es oftalmol\u00f3gicas relevantes para a sa\u00fade p\u00fablica.<\/p>\n\n\n\n<p>Fique por dentro dessa iniciativa e saiba como ela pode contribuir para o avan\u00e7o da oftalmologia no pa\u00eds.<\/p>\n\n\n\n<div data-wp-interactive=\"core\/file\" class=\"wp-block-file\"><object data-wp-bind--hidden=\"!state.hasPdfPreview\" hidden class=\"wp-block-file__embed\" data=\"https:\/\/sbop.com.br\/medico\/wp-content\/uploads\/sites\/2\/2026\/03\/CBO-Publicacao-Redes-1-1.pdf\" type=\"application\/pdf\" style=\"width:100%;height:600px\" aria-label=\"Incorporar PDF\"><\/object><\/div>\n\n\n<div class=\"wp-bootstrap-blocks-button text-center\">\n\t<a\n\t\thref=\"https:\/\/sbop.com.br\/medico\/wp-content\/uploads\/sites\/2\/2026\/03\/CBO-Publicacao-Redes-1-1.pdf\"\n\t\t\t\t\ttarget=\"_blank\"\n\t\t\t\t\t\t\trel=\"noreferrer noopener\"\n\t\t\t\tclass=\"btn btn-primary\"\n\t>\n\t\tSaiba mais e acompanhe as novidades\t<\/a>\n<\/div>\n","protected":false},"excerpt":{"rendered":"<p>A oftalmologia est\u00e1 cada vez mais conectada para cuidar melhor. A nova rede de patologias do Brasil surge como uma iniciativa importante para fortalecer o conhecimento, integrar especialistas e ampliar o acesso \u00e0 informa\u00e7\u00e3o sobre condi\u00e7\u00f5es oftalmol\u00f3gicas relevantes para a sa\u00fade p\u00fablica. Fique por dentro dessa iniciativa e saiba como ela pode contribuir para o [&hellip;]<\/p>\n","protected":false},"author":1,"featured_media":0,"parent":0,"menu_order":0,"comment_status":"closed","ping_status":"closed","template":"","meta":{"_acf_changed":false,"footnotes":""},"class_list":["post-1797","page","type-page","status-publish","hentry"],"acf":[],"_links":{"self":[{"href":"https:\/\/sbop.com.br\/medico\/wp-json\/wp\/v2\/pages\/1797","targetHints":{"allow":["GET"]}}],"collection":[{"href":"https:\/\/sbop.com.br\/medico\/wp-json\/wp\/v2\/pages"}],"about":[{"href":"https:\/\/sbop.com.br\/medico\/wp-json\/wp\/v2\/types\/page"}],"author":[{"embeddable":true,"href":"https:\/\/sbop.com.br\/medico\/wp-json\/wp\/v2\/users\/1"}],"replies":[{"embeddable":true,"href":"https:\/\/sbop.com.br\/medico\/wp-json\/wp\/v2\/comments?post=1797"}],"version-history":[{"count":5,"href":"https:\/\/sbop.com.br\/medico\/wp-json\/wp\/v2\/pages\/1797\/revisions"}],"predecessor-version":[{"id":1808,"href":"https:\/\/sbop.com.br\/medico\/wp-json\/wp\/v2\/pages\/1797\/revisions\/1808"}],"wp:attachment":[{"href":"https:\/\/sbop.com.br\/medico\/wp-json\/wp\/v2\/media?parent=1797"}],"curies":[{"name":"wp","href":"https:\/\/api.w.org\/{rel}","templated":true}]}}