{"id":931,"date":"2024-03-25T16:18:14","date_gmt":"2024-03-25T19:18:14","guid":{"rendered":"https:\/\/sbop.com.br\/medico\/?page_id=931"},"modified":"2024-06-14T15:25:10","modified_gmt":"2024-06-14T18:25:10","slug":"torne-se-apoiador-da-sbop","status":"publish","type":"page","link":"https:\/\/sbop.com.br\/medico\/torne-se-apoiador-da-sbop\/","title":{"rendered":"Torne-se apoiador da SBOP"},"content":{"rendered":"\n<p>Agora, sociedades m\u00e9dicas podem solicitar o apoio da SBOP direto pelo portal, via formul\u00e1rio. Basta preencher o formul\u00e1rio abaixo e aguardar o nosso contato. Em breve, voc\u00ea receber\u00e1 todas as informa\u00e7\u00f5es e orienta\u00e7\u00f5es necess\u00e1rias para essa parceria.<\/p>\n\n\n\n<p>Juntos, podemos muito mais!<\/p>\n\n\n\n<script type=\"text\/javascript\" src=\"https:\/\/form.jotform.com\/jsform\/240746713831053\"><\/script>\n","protected":false},"excerpt":{"rendered":"<p>Agora, sociedades m\u00e9dicas podem solicitar o apoio da SBOP direto pelo portal, via formul\u00e1rio. Basta preencher o formul\u00e1rio abaixo e aguardar o nosso contato. Em breve, voc\u00ea receber\u00e1 todas as informa\u00e7\u00f5es e orienta\u00e7\u00f5es necess\u00e1rias para essa parceria. Juntos, podemos muito mais!<\/p>\n","protected":false},"author":1,"featured_media":0,"parent":0,"menu_order":0,"comment_status":"closed","ping_status":"closed","template":"","meta":{"_acf_changed":false,"footnotes":""},"class_list":["post-931","page","type-page","status-publish","hentry"],"acf":[],"_links":{"self":[{"href":"https:\/\/sbop.com.br\/medico\/wp-json\/wp\/v2\/pages\/931","targetHints":{"allow":["GET"]}}],"collection":[{"href":"https:\/\/sbop.com.br\/medico\/wp-json\/wp\/v2\/pages"}],"about":[{"href":"https:\/\/sbop.com.br\/medico\/wp-json\/wp\/v2\/types\/page"}],"author":[{"embeddable":true,"href":"https:\/\/sbop.com.br\/medico\/wp-json\/wp\/v2\/users\/1"}],"replies":[{"embeddable":true,"href":"https:\/\/sbop.com.br\/medico\/wp-json\/wp\/v2\/comments?post=931"}],"version-history":[{"count":3,"href":"https:\/\/sbop.com.br\/medico\/wp-json\/wp\/v2\/pages\/931\/revisions"}],"predecessor-version":[{"id":1202,"href":"https:\/\/sbop.com.br\/medico\/wp-json\/wp\/v2\/pages\/931\/revisions\/1202"}],"wp:attachment":[{"href":"https:\/\/sbop.com.br\/medico\/wp-json\/wp\/v2\/media?parent=931"}],"curies":[{"name":"wp","href":"https:\/\/api.w.org\/{rel}","templated":true}]}}